{"id":9,"date":"2024-08-31T16:30:52","date_gmt":"2024-08-31T16:30:52","guid":{"rendered":"http:\/\/swieta-bozego-narodzenia-w-gorach.pl\/?page_id=9"},"modified":"2024-09-05T16:43:40","modified_gmt":"2024-09-05T16:43:40","slug":"swieta-bozego-narodzenia-w-gorach","status":"publish","type":"page","link":"https:\/\/swieta-bozego-narodzenia-w-gorach.pl\/","title":{"rendered":"\u015awi\u0119ta Bo\u017cego Narodzenia w g\u00f3rach? TAK!"},"content":{"rendered":"\n<p>Wyobra\u017a sobie, jak p\u0142atki \u015bniegu delikatnie opadaj\u0105 na lasy i doliny, otulaj\u0105c \u015bwiat bia\u0142ym puchem. W tle ciche echo dzwonienia dzwonk\u00f3w, a zapach \u015bwie\u017cych piernik\u00f3w i choinki unosi si\u0119 w powietrzu. Gdzie indziej mo\u017cna poczu\u0107 tak\u0105 magi\u0119, je\u015bli nie w sercu g\u00f3r? \u015awi\u0119ta Bo\u017cego Narodzenia w g\u00f3rach to marzenie wielu, a Szklarska Por\u0119ba, ukryta w Karkonoszach, zdaje si\u0119 by\u0107 jego spe\u0142nieniem.<\/p>\n\n\n\n<h3 class=\"wp-block-heading\">\u015awi\u0119ta Bo\u017cego Narodzenia w g\u00f3rach \u2013 czym wyr\u00f3\u017cnia si\u0119 Szklarska Por\u0119ba?<\/h3>\n\n\n\n<p>Kiedy my\u015blimy o \u015awi\u0119tach Bo\u017cego Narodzenia w g\u00f3rach, pierwsze, co przychodzi na my\u015bl, to spok\u00f3j i blisko\u015b\u0107 natury. Szklarska Por\u0119ba, malownicza miejscowo\u015b\u0107 po\u0142o\u017cona u podn\u00f3\u017ca Karkonoszy, to jedno z tych miejsc, kt\u00f3re emanuj\u0105 \u015bwi\u0105tecznym urokiem. Miasto, kt\u00f3re t\u0119tni \u017cyciem w sezonie zimowym, staje si\u0119 w grudniu miejscem, gdzie mo\u017cna zanurzy\u0107 si\u0119 w prawdziwej zimowej ba\u015bni. \u015awi\u0105teczne jarmarki, lodowisko, a tak\u017ce blisko\u015b\u0107 natury sprawiaj\u0105, \u017ce ka\u017cdy spacer po Szklarskiej Por\u0119bie staje si\u0119 niezapomnianym prze\u017cyciem.<\/p>\n\n\n\n<p>\u015awi\u0119ta Bo\u017cego Narodzenia w g\u00f3rach to r\u00f3wnie\u017c czas, kiedy mo\u017cemy oderwa\u0107 si\u0119 od codziennego zgie\u0142ku, usi\u0105\u015b\u0107 przy kominku i delektowa\u0107 si\u0119 smakiem lokalnych specja\u0142\u00f3w. W Hotelu Bergo, kt\u00f3ry jest jednym z najbardziej wyj\u0105tkowych hoteli w regionie, mo\u017cesz liczy\u0107 na to, \u017ce ka\u017cde \u015bwi\u0105teczne danie, ka\u017cdy napar z zi\u00f3\u0142 czy kawa\u0142ek domowego ciasta sprawi\u0105, \u017ce poczujesz prawdziw\u0105 magi\u0119 \u015bwi\u0105t.<\/p>\n\n\n\n<h3 class=\"wp-block-heading\">Wyj\u0105tkowe atrakcje czekaj\u0105ce na Ciebie w Hotelu Bergo <\/h3>\n\n\n\n<p>\u015awi\u0119ta Bo\u017cego Narodzenia w g\u00f3rach to nie tylko kolacja wigilijna i choinka \u2013 to czas, kiedy warto zatrzyma\u0107 si\u0119 i sp\u0119dzi\u0107 czas z najbli\u017cszymi w miejscu, kt\u00f3re zaskakuje swoj\u0105 ofert\u0105. Hotel Bergo oferuje swoim go\u015bciom nie tylko nocleg w pi\u0119knie urz\u0105dzonych pokojach, ale tak\u017ce pakiet \u015bwi\u0105teczny, kt\u00f3ry zadowoli ka\u017cdego, kto marzy o niezapomnianym Bo\u017cym Narodzeniu. <\/p>\n\n\n\n<p>Od pysznych \u015bniada\u0144 w formie bufetu, pe\u0142nych lokalnych przysmak\u00f3w, po uroczyst\u0105 kolacj\u0119 wigilijn\u0105 przy d\u017awi\u0119kach kol\u0119d \u2013 Hotel Bergo stawia na tradycj\u0119 i autentyczno\u015b\u0107. Kolacja wigilijna podzielona jest na dwie tury, co pozwala na jeszcze wi\u0119kszy komfort i intymno\u015b\u0107. Na dzieci czeka niespodzianka \u2013 wizyta \u015awi\u0119tego Miko\u0142aja, kt\u00f3ry, jak co roku, przynosi prezenty dla najm\u0142odszych.<\/p>\n\n\n\n<p>A co po wigilijnej kolacji? Zewn\u0119trzne jacuzzi z widokiem na \u015bnie\u017cne szczyty, basen kryty z bezpiecznym brodzikiem dla dzieci, a tak\u017ce strefa saun i relaksu to tylko niekt\u00f3re z atrakcji, kt\u00f3re Hotel Bergo oferuje swoim go\u015bciom.<\/p>\n","protected":false},"excerpt":{"rendered":"<p>Wyobra\u017a sobie, jak p\u0142atki \u015bniegu delikatnie opadaj\u0105 na lasy i doliny, otulaj\u0105c \u015bwiat bia\u0142ym puchem. W tle ciche echo dzwonienia dzwonk\u00f3w, a zapach \u015bwie\u017cych piernik\u00f3w i choinki unosi si\u0119 w powietrzu. Gdzie indziej mo\u017cna poczu\u0107 tak\u0105 magi\u0119, je\u015bli nie w sercu g\u00f3r? \u015awi\u0119ta Bo\u017cego Narodzenia w g\u00f3rach to marzenie wielu, a Szklarska Por\u0119ba, ukryta w &hellip; <\/p>\n<p class=\"link-more\"><a href=\"https:\/\/swieta-bozego-narodzenia-w-gorach.pl\/\" class=\"more-link\">Czytaj dalej<span class=\"screen-reader-text\"> \u201e\u015awi\u0119ta Bo\u017cego Narodzenia w g\u00f3rach? TAK!\u201d<\/span><\/a><\/p>\n","protected":false},"author":1,"featured_media":0,"parent":0,"menu_order":0,"comment_status":"closed","ping_status":"closed","template":"","meta":{"footnotes":""},"class_list":["post-9","page","type-page","status-publish","hentry"],"yoast_head":"<!-- This site is optimized with the Yoast SEO plugin v25.6 - https:\/\/yoast.com\/wordpress\/plugins\/seo\/ -->\n<title>\u015awi\u0119ta Bo\u017cego Narodzenia w g\u00f3rach? TAK! - swieta-bozego-narodzenia-w-gorach.pl<\/title>\n<meta name=\"description\" content=\"Dowiedz si\u0119, gdzie sp\u0119dzi\u0107 \u015awi\u0119ta Bo\u017cego Narodzenia w g\u00f3rach! Wybierz magi\u0119 \u015awi\u0105t Bo\u017cego Narodzenia w g\u00f3rach z prawdziwie zimowym krajobrazem!\" \/>\n<meta name=\"robots\" content=\"index, follow, max-snippet:-1, max-image-preview:large, max-video-preview:-1\" \/>\n<link rel=\"canonical\" href=\"https:\/\/swieta-bozego-narodzenia-w-gorach.pl\/\" \/>\n<meta property=\"og:locale\" content=\"pl_PL\" \/>\n<meta property=\"og:type\" content=\"article\" \/>\n<meta property=\"og:title\" content=\"\u015awi\u0119ta Bo\u017cego Narodzenia w g\u00f3rach? TAK! - swieta-bozego-narodzenia-w-gorach.pl\" \/>\n<meta property=\"og:description\" content=\"Dowiedz si\u0119, gdzie sp\u0119dzi\u0107 \u015awi\u0119ta Bo\u017cego Narodzenia w g\u00f3rach! Wybierz magi\u0119 \u015awi\u0105t Bo\u017cego Narodzenia w g\u00f3rach z prawdziwie zimowym krajobrazem!\" \/>\n<meta property=\"og:url\" content=\"https:\/\/swieta-bozego-narodzenia-w-gorach.pl\/\" \/>\n<meta property=\"og:site_name\" content=\"swieta-bozego-narodzenia-w-gorach.pl\" \/>\n<meta property=\"article:modified_time\" content=\"2024-09-05T16:43:40+00:00\" \/>\n<meta name=\"twitter:card\" content=\"summary_large_image\" \/>\n<meta name=\"twitter:label1\" content=\"Szacowany czas czytania\" \/>\n\t<meta name=\"twitter:data1\" content=\"3 minuty\" \/>\n<script type=\"application\/ld+json\" class=\"yoast-schema-graph\">{\"@context\":\"https:\/\/schema.org\",\"@graph\":[{\"@type\":\"WebPage\",\"@id\":\"https:\/\/swieta-bozego-narodzenia-w-gorach.pl\/\",\"url\":\"https:\/\/swieta-bozego-narodzenia-w-gorach.pl\/\",\"name\":\"\u015awi\u0119ta Bo\u017cego Narodzenia w g\u00f3rach? TAK! - swieta-bozego-narodzenia-w-gorach.pl\",\"isPartOf\":{\"@id\":\"https:\/\/swieta-bozego-narodzenia-w-gorach.pl\/#website\"},\"datePublished\":\"2024-08-31T16:30:52+00:00\",\"dateModified\":\"2024-09-05T16:43:40+00:00\",\"description\":\"Dowiedz si\u0119, gdzie sp\u0119dzi\u0107 \u015awi\u0119ta Bo\u017cego Narodzenia w g\u00f3rach! Wybierz magi\u0119 \u015awi\u0105t Bo\u017cego Narodzenia w g\u00f3rach z prawdziwie zimowym krajobrazem!\",\"breadcrumb\":{\"@id\":\"https:\/\/swieta-bozego-narodzenia-w-gorach.pl\/#breadcrumb\"},\"inLanguage\":\"pl-PL\",\"potentialAction\":[{\"@type\":\"ReadAction\",\"target\":[\"https:\/\/swieta-bozego-narodzenia-w-gorach.pl\/\"]}]},{\"@type\":\"BreadcrumbList\",\"@id\":\"https:\/\/swieta-bozego-narodzenia-w-gorach.pl\/#breadcrumb\",\"itemListElement\":[{\"@type\":\"ListItem\",\"position\":1,\"name\":\"Strona g\u0142\u00f3wna\",\"item\":\"https:\/\/swieta-bozego-narodzenia-w-gorach.pl\/\"},{\"@type\":\"ListItem\",\"position\":2,\"name\":\"\u015awi\u0119ta Bo\u017cego Narodzenia w g\u00f3rach? TAK!\"}]},{\"@type\":\"WebSite\",\"@id\":\"https:\/\/swieta-bozego-narodzenia-w-gorach.pl\/#website\",\"url\":\"https:\/\/swieta-bozego-narodzenia-w-gorach.pl\/\",\"name\":\"swieta-bozego-narodzenia-w-gorach.pl\",\"description\":\"Magiczna atmosfera \u015awi\u0105t Bo\u017cego Narodzenia w g&oacute;rach - czarodziejskie chwile w Karkonoszach!\",\"potentialAction\":[{\"@type\":\"SearchAction\",\"target\":{\"@type\":\"EntryPoint\",\"urlTemplate\":\"https:\/\/swieta-bozego-narodzenia-w-gorach.pl\/?s={search_term_string}\"},\"query-input\":{\"@type\":\"PropertyValueSpecification\",\"valueRequired\":true,\"valueName\":\"search_term_string\"}}],\"inLanguage\":\"pl-PL\"}]}<\/script>\n<!-- \/ Yoast SEO plugin. -->","yoast_head_json":{"title":"\u015awi\u0119ta Bo\u017cego Narodzenia w g\u00f3rach? TAK! - swieta-bozego-narodzenia-w-gorach.pl","description":"Dowiedz si\u0119, gdzie sp\u0119dzi\u0107 \u015awi\u0119ta Bo\u017cego Narodzenia w g\u00f3rach! Wybierz magi\u0119 \u015awi\u0105t Bo\u017cego Narodzenia w g\u00f3rach z prawdziwie zimowym krajobrazem!","robots":{"index":"index","follow":"follow","max-snippet":"max-snippet:-1","max-image-preview":"max-image-preview:large","max-video-preview":"max-video-preview:-1"},"canonical":"https:\/\/swieta-bozego-narodzenia-w-gorach.pl\/","og_locale":"pl_PL","og_type":"article","og_title":"\u015awi\u0119ta Bo\u017cego Narodzenia w g\u00f3rach? TAK! - swieta-bozego-narodzenia-w-gorach.pl","og_description":"Dowiedz si\u0119, gdzie sp\u0119dzi\u0107 \u015awi\u0119ta Bo\u017cego Narodzenia w g\u00f3rach! Wybierz magi\u0119 \u015awi\u0105t Bo\u017cego Narodzenia w g\u00f3rach z prawdziwie zimowym krajobrazem!","og_url":"https:\/\/swieta-bozego-narodzenia-w-gorach.pl\/","og_site_name":"swieta-bozego-narodzenia-w-gorach.pl","article_modified_time":"2024-09-05T16:43:40+00:00","twitter_card":"summary_large_image","twitter_misc":{"Szacowany czas czytania":"3 minuty"},"schema":{"@context":"https:\/\/schema.org","@graph":[{"@type":"WebPage","@id":"https:\/\/swieta-bozego-narodzenia-w-gorach.pl\/","url":"https:\/\/swieta-bozego-narodzenia-w-gorach.pl\/","name":"\u015awi\u0119ta Bo\u017cego Narodzenia w g\u00f3rach? TAK! - swieta-bozego-narodzenia-w-gorach.pl","isPartOf":{"@id":"https:\/\/swieta-bozego-narodzenia-w-gorach.pl\/#website"},"datePublished":"2024-08-31T16:30:52+00:00","dateModified":"2024-09-05T16:43:40+00:00","description":"Dowiedz si\u0119, gdzie sp\u0119dzi\u0107 \u015awi\u0119ta Bo\u017cego Narodzenia w g\u00f3rach! Wybierz magi\u0119 \u015awi\u0105t Bo\u017cego Narodzenia w g\u00f3rach z prawdziwie zimowym krajobrazem!","breadcrumb":{"@id":"https:\/\/swieta-bozego-narodzenia-w-gorach.pl\/#breadcrumb"},"inLanguage":"pl-PL","potentialAction":[{"@type":"ReadAction","target":["https:\/\/swieta-bozego-narodzenia-w-gorach.pl\/"]}]},{"@type":"BreadcrumbList","@id":"https:\/\/swieta-bozego-narodzenia-w-gorach.pl\/#breadcrumb","itemListElement":[{"@type":"ListItem","position":1,"name":"Strona g\u0142\u00f3wna","item":"https:\/\/swieta-bozego-narodzenia-w-gorach.pl\/"},{"@type":"ListItem","position":2,"name":"\u015awi\u0119ta Bo\u017cego Narodzenia w g\u00f3rach? TAK!"}]},{"@type":"WebSite","@id":"https:\/\/swieta-bozego-narodzenia-w-gorach.pl\/#website","url":"https:\/\/swieta-bozego-narodzenia-w-gorach.pl\/","name":"swieta-bozego-narodzenia-w-gorach.pl","description":"Magiczna atmosfera \u015awi\u0105t Bo\u017cego Narodzenia w g&oacute;rach - czarodziejskie chwile w Karkonoszach!","potentialAction":[{"@type":"SearchAction","target":{"@type":"EntryPoint","urlTemplate":"https:\/\/swieta-bozego-narodzenia-w-gorach.pl\/?s={search_term_string}"},"query-input":{"@type":"PropertyValueSpecification","valueRequired":true,"valueName":"search_term_string"}}],"inLanguage":"pl-PL"}]}},"_links":{"self":[{"href":"https:\/\/swieta-bozego-narodzenia-w-gorach.pl\/index.php\/wp-json\/wp\/v2\/pages\/9"}],"collection":[{"href":"https:\/\/swieta-bozego-narodzenia-w-gorach.pl\/index.php\/wp-json\/wp\/v2\/pages"}],"about":[{"href":"https:\/\/swieta-bozego-narodzenia-w-gorach.pl\/index.php\/wp-json\/wp\/v2\/types\/page"}],"author":[{"embeddable":true,"href":"https:\/\/swieta-bozego-narodzenia-w-gorach.pl\/index.php\/wp-json\/wp\/v2\/users\/1"}],"replies":[{"embeddable":true,"href":"https:\/\/swieta-bozego-narodzenia-w-gorach.pl\/index.php\/wp-json\/wp\/v2\/comments?post=9"}],"version-history":[{"count":2,"href":"https:\/\/swieta-bozego-narodzenia-w-gorach.pl\/index.php\/wp-json\/wp\/v2\/pages\/9\/revisions"}],"predecessor-version":[{"id":34,"href":"https:\/\/swieta-bozego-narodzenia-w-gorach.pl\/index.php\/wp-json\/wp\/v2\/pages\/9\/revisions\/34"}],"wp:attachment":[{"href":"https:\/\/swieta-bozego-narodzenia-w-gorach.pl\/index.php\/wp-json\/wp\/v2\/media?parent=9"}],"curies":[{"name":"wp","href":"https:\/\/api.w.org\/{rel}","templated":true}]}}